{"id":100,"date":"2023-08-23T15:16:33","date_gmt":"2023-08-23T13:16:33","guid":{"rendered":"https:\/\/valgrid-dev.ch\/datenschutzrichtlinie\/"},"modified":"2024-05-31T14:05:24","modified_gmt":"2024-05-31T12:05:24","slug":"datenschutzrichtlinie","status":"publish","type":"page","link":"https:\/\/valgrid.ch\/de\/datenschutzrichtlinie\/","title":{"rendered":"Datenschutzrichtlinie"},"content":{"rendered":"<p>[et_pb_section fb_built=&#8220;1&#8243; _builder_version=&#8220;4.16&#8243; global_colors_info=&#8220;{}&#8220;][et_pb_row _builder_version=&#8220;4.16&#8243; background_size=&#8220;initial&#8220; background_position=&#8220;top_left&#8220; background_repeat=&#8220;repeat&#8220; global_colors_info=&#8220;{}&#8220;][et_pb_column type=&#8220;4_4&#8243; _builder_version=&#8220;4.16&#8243; custom_padding=&#8220;|||&#8220; global_colors_info=&#8220;{}&#8220; custom_padding__hover=&#8220;|||&#8220;][et_pb_text _builder_version=&#8220;4.22.1&#8243; _module_preset=&#8220;default&#8220; header_font=&#8220;|700|||||||&#8220; global_colors_info=&#8220;{}&#8220;]<\/p>\n<h1>Datenschutzrichtlinie<\/h1>\n<p>[\/et_pb_text][\/et_pb_column][\/et_pb_row][et_pb_row _builder_version=&#8220;4.16&#8243; background_size=&#8220;initial&#8220; background_position=&#8220;top_left&#8220; background_repeat=&#8220;repeat&#8220; global_colors_info=&#8220;{}&#8220;][et_pb_column type=&#8220;4_4&#8243; _builder_version=&#8220;4.16&#8243; custom_padding=&#8220;|||&#8220; global_colors_info=&#8220;{}&#8220; custom_padding__hover=&#8220;|||&#8220;][et_pb_text _builder_version=&#8220;4.22.1&#8243; _module_preset=&#8220;default&#8220; global_colors_info=&#8220;{}&#8220;]<\/p>\n<h2>Datenschutz- und Datensicherheit Richtlinien<\/h2>\n<p>FMV SA legt grossen Wert auf den Schutz Ihrer pers\u00f6nlichen Daten. Wir sammeln und verarbeiten Ihre personenbezogenen Daten mit gr\u00f6sster Sorgfalt und unter Einhaltung der geltenden gesetzlichen Bestimmungen; die Verarbeitung beschr\u00e4nkt sich auf das absolut Notwendige.<\/p>\n<p>Die vorliegende Datenschutzerkl\u00e4rung beschreibt unsere Datenschutzpolitik bei der Nutzung unserer Website.<\/p>\n<p>Sie k\u00f6nnen unsere Website besuchen, sich \u00fcber unsere Aktivit\u00e4ten informieren und unsere aktuellen Nachrichten zur Kenntnis nehmen, ohne dass Sie pers\u00f6nliche Informationen angeben m\u00fcssen.<\/p>\n<p>[\/et_pb_text][\/et_pb_column][\/et_pb_row][et_pb_row _builder_version=&#8220;4.16&#8243; background_size=&#8220;initial&#8220; background_position=&#8220;top_left&#8220; background_repeat=&#8220;repeat&#8220; global_colors_info=&#8220;{}&#8220;][et_pb_column type=&#8220;4_4&#8243; _builder_version=&#8220;4.16&#8243; custom_padding=&#8220;|||&#8220; global_colors_info=&#8220;{}&#8220; custom_padding__hover=&#8220;|||&#8220;][et_pb_text _builder_version=&#8220;4.22.1&#8243; _module_preset=&#8220;default&#8220; global_colors_info=&#8220;{}&#8220;]<\/p>\n<h2>Verantwortlicher f\u00fcr die Verarbeitung<\/h2>\n<p>Der Verantwortliche f\u00fcr die Datenverarbeitung ist FMV SA. Wenn Sie Fragen oder Kommentare zu unserer Datenschutzpolitik haben, k\u00f6nnen Sie uns unter der folgenden Adresse kontaktieren:<\/p>\n<p>FMV SA<br \/>Rue de la Dixence 9<br \/>CH-1951 Sion<\/p>\n<p><a href=\"tel:+41273274500\">+41 27 327 45 00<\/a><\/p>\n<p><a href=\"mailto:info@fmv.ch\">info@fmv.ch<\/a><\/p>\n<p>[\/et_pb_text][\/et_pb_column][\/et_pb_row][et_pb_row _builder_version=&#8220;4.16&#8243; background_size=&#8220;initial&#8220; background_position=&#8220;top_left&#8220; background_repeat=&#8220;repeat&#8220; global_colors_info=&#8220;{}&#8220;][et_pb_column type=&#8220;4_4&#8243; _builder_version=&#8220;4.16&#8243; custom_padding=&#8220;|||&#8220; global_colors_info=&#8220;{}&#8220; custom_padding__hover=&#8220;|||&#8220;][et_pb_text _builder_version=&#8220;4.22.1&#8243; _module_preset=&#8220;default&#8220; global_colors_info=&#8220;{}&#8220;]<\/p>\n<h2>Kontaktformular<\/h2>\n<p>Im Interesse der Kommunikation mit Kunden und Interessenten bieten wir auf unserer Website ein Kontaktformular an.<\/p>\n<p>Neben den freiwilligen Angaben und dem Inhalt Ihrer Nachricht ben\u00f6tigen wir folgende Informationen: Vorname, Nachname und E-Mail-Adresse. Diese Informationen sind notwendig, um Ihre Anfrage zu bearbeiten und Ihnen eine Antwort zu senden.<\/p>\n<p>[\/et_pb_text][\/et_pb_column][\/et_pb_row][et_pb_row _builder_version=&#8220;4.16&#8243; background_size=&#8220;initial&#8220; background_position=&#8220;top_left&#8220; background_repeat=&#8220;repeat&#8220; global_colors_info=&#8220;{}&#8220;][et_pb_column type=&#8220;4_4&#8243; _builder_version=&#8220;4.16&#8243; custom_padding=&#8220;|||&#8220; global_colors_info=&#8220;{}&#8220; custom_padding__hover=&#8220;|||&#8220;][et_pb_text _builder_version=&#8220;4.22.1&#8243; _module_preset=&#8220;default&#8220; global_colors_info=&#8220;{}&#8220;]<\/p>\n<h2>Google Analytics (GA4)<\/h2>\n<p>Diese Website benutzt Google Analytics 4 (GA4), einen Webanalysedienst von Google.<\/p>\n<p>GA4 kann Cookies verwenden, indem Textdateien auf Ihrem Computer gespeichert werden, um die Nutzung der Website zu analysieren und sie zu optimieren. Die Funktion zur Anonymisierung der IP-Adresse ist bei GA4 standardm\u00e4ssig aktiviert, so dass sie vor der Speicherung gek\u00fcrzt wird.<\/p>\n<p>Weitere Informationen zu den Nutzungsbedingungen und der Datenschutzrichtlinie von Google Analytics finden Sie unter <a href=\"https:\/\/policies.google.com\/privacy\" target=\"_blank\" rel=\"noopener\">https:\/\/policies.google.com\/privacy<\/a><\/p>\n<p>[\/et_pb_text][\/et_pb_column][\/et_pb_row][et_pb_row _builder_version=&#8220;4.16&#8243; background_size=&#8220;initial&#8220; background_position=&#8220;top_left&#8220; background_repeat=&#8220;repeat&#8220; global_colors_info=&#8220;{}&#8220;][et_pb_column type=&#8220;4_4&#8243; _builder_version=&#8220;4.16&#8243; custom_padding=&#8220;|||&#8220; global_colors_info=&#8220;{}&#8220; custom_padding__hover=&#8220;|||&#8220;][et_pb_text _builder_version=&#8220;4.22.1&#8243; _module_preset=&#8220;default&#8220; global_colors_info=&#8220;{}&#8220;]<\/p>\n<h2>Soziale Netzwerke<\/h2>\n<p>Auf unserer Website sind keine Plug-ins f\u00fcr soziale Netzwerke wie Facebook, Twitter usw. eingebunden.<\/p>\n<p>[\/et_pb_text][\/et_pb_column][\/et_pb_row][et_pb_row _builder_version=&#8220;4.16&#8243; background_size=&#8220;initial&#8220; background_position=&#8220;top_left&#8220; background_repeat=&#8220;repeat&#8220; global_colors_info=&#8220;{}&#8220;][et_pb_column type=&#8220;4_4&#8243; _builder_version=&#8220;4.16&#8243; custom_padding=&#8220;|||&#8220; global_colors_info=&#8220;{}&#8220; custom_padding__hover=&#8220;|||&#8220;][et_pb_text _builder_version=&#8220;4.22.1&#8243; _module_preset=&#8220;default&#8220; global_colors_info=&#8220;{}&#8220;]<\/p>\n<h2>\u00c4nderungen der Datenschutz- und Datensicherheit Richtlinien<\/h2>\n<p>Diese Datenschutz-Richtlinie kann regelm\u00e4ssig aktualisiert und ohne Vorwarnung ge\u00e4ndert werden, um \u00c4nderungen bei der Verarbeitung personenbezogener Daten auf unserer Website widerzuspiegeln.<\/p>\n<p>[\/et_pb_text][\/et_pb_column][\/et_pb_row][et_pb_row _builder_version=&#8220;4.16&#8243; background_size=&#8220;initial&#8220; background_position=&#8220;top_left&#8220; background_repeat=&#8220;repeat&#8220; global_colors_info=&#8220;{}&#8220;][et_pb_column type=&#8220;4_4&#8243; _builder_version=&#8220;4.16&#8243; custom_padding=&#8220;|||&#8220; global_colors_info=&#8220;{}&#8220; custom_padding__hover=&#8220;|||&#8220;][et_pb_text _builder_version=&#8220;4.22.1&#8243; _module_preset=&#8220;default&#8220; global_colors_info=&#8220;{}&#8220;]<\/p>\n<p>Letzte Aktualisierung 01.09.2023<\/p>\n<p>[\/et_pb_text][\/et_pb_column][\/et_pb_row][\/et_pb_section]<\/p>\n","protected":false},"excerpt":{"rendered":"<p>DatenschutzrichtlinieDatenschutz- und Datensicherheit Richtlinien FMV SA legt grossen Wert auf den Schutz Ihrer pers\u00f6nlichen Daten. Wir sammeln und verarbeiten Ihre personenbezogenen Daten mit gr\u00f6sster Sorgfalt und unter Einhaltung der geltenden gesetzlichen Bestimmungen; die Verarbeitung beschr\u00e4nkt sich auf das absolut Notwendige. Die vorliegende Datenschutzerkl\u00e4rung beschreibt unsere Datenschutzpolitik bei der Nutzung unserer Website. Sie k\u00f6nnen unsere Website [&hellip;]<\/p>\n","protected":false},"author":2,"featured_media":0,"parent":0,"menu_order":0,"comment_status":"closed","ping_status":"open","template":"","meta":{"_et_pb_use_builder":"on","_et_pb_old_content":"","_et_gb_content_width":"","footnotes":""},"class_list":["post-100","page","type-page","status-publish","hentry"],"yoast_head":"<!-- This site is optimized with the Yoast SEO plugin v27.3 - https:\/\/yoast.com\/product\/yoast-seo-wordpress\/ -->\n<title>Datenschutzrichtlinie - Valgrid SA<\/title>\n<meta name=\"robots\" content=\"index, follow, max-snippet:-1, max-image-preview:large, max-video-preview:-1\" \/>\n<link rel=\"canonical\" href=\"https:\/\/valgrid.ch\/de\/datenschutzrichtlinie\/\" \/>\n<meta property=\"og:locale\" content=\"de_DE\" \/>\n<meta property=\"og:type\" content=\"article\" \/>\n<meta property=\"og:title\" content=\"Datenschutzrichtlinie - Valgrid SA\" \/>\n<meta property=\"og:description\" content=\"DatenschutzrichtlinieDatenschutz- und Datensicherheit Richtlinien FMV SA legt grossen Wert auf den Schutz Ihrer pers\u00f6nlichen Daten. Wir sammeln und verarbeiten Ihre personenbezogenen Daten mit gr\u00f6sster Sorgfalt und unter Einhaltung der geltenden gesetzlichen Bestimmungen; die Verarbeitung beschr\u00e4nkt sich auf das absolut Notwendige. Die vorliegende Datenschutzerkl\u00e4rung beschreibt unsere Datenschutzpolitik bei der Nutzung unserer Website. Sie k\u00f6nnen unsere Website [&hellip;]\" \/>\n<meta property=\"og:url\" content=\"https:\/\/valgrid.ch\/de\/datenschutzrichtlinie\/\" \/>\n<meta property=\"og:site_name\" content=\"Valgrid SA\" \/>\n<meta property=\"article:modified_time\" content=\"2024-05-31T12:05:24+00:00\" \/>\n<meta property=\"og:image\" content=\"https:\/\/valgrid.ch\/wp-content\/uploads\/2024\/05\/logo-valgrid.png\" \/>\n\t<meta property=\"og:image:width\" content=\"1200\" \/>\n\t<meta property=\"og:image:height\" content=\"768\" \/>\n\t<meta property=\"og:image:type\" content=\"image\/png\" \/>\n<meta name=\"twitter:card\" content=\"summary_large_image\" \/>\n<meta name=\"twitter:label1\" content=\"Gesch\u00e4tzte Lesezeit\" \/>\n\t<meta name=\"twitter:data1\" content=\"4\u00a0Minuten\" \/>\n<script type=\"application\/ld+json\" class=\"yoast-schema-graph\">{\"@context\":\"https:\\\/\\\/schema.org\",\"@graph\":[{\"@type\":\"WebPage\",\"@id\":\"https:\\\/\\\/valgrid.ch\\\/de\\\/datenschutzrichtlinie\\\/\",\"url\":\"https:\\\/\\\/valgrid.ch\\\/de\\\/datenschutzrichtlinie\\\/\",\"name\":\"Datenschutzrichtlinie - Valgrid SA\",\"isPartOf\":{\"@id\":\"https:\\\/\\\/valgrid.ch\\\/de\\\/#website\"},\"datePublished\":\"2023-08-23T13:16:33+00:00\",\"dateModified\":\"2024-05-31T12:05:24+00:00\",\"breadcrumb\":{\"@id\":\"https:\\\/\\\/valgrid.ch\\\/de\\\/datenschutzrichtlinie\\\/#breadcrumb\"},\"inLanguage\":\"de\",\"potentialAction\":[{\"@type\":\"ReadAction\",\"target\":[\"https:\\\/\\\/valgrid.ch\\\/de\\\/datenschutzrichtlinie\\\/\"]}]},{\"@type\":\"BreadcrumbList\",\"@id\":\"https:\\\/\\\/valgrid.ch\\\/de\\\/datenschutzrichtlinie\\\/#breadcrumb\",\"itemListElement\":[{\"@type\":\"ListItem\",\"position\":1,\"name\":\"Accueil\",\"item\":\"https:\\\/\\\/valgrid.ch\\\/de\\\/\"},{\"@type\":\"ListItem\",\"position\":2,\"name\":\"Datenschutzrichtlinie\"}]},{\"@type\":\"WebSite\",\"@id\":\"https:\\\/\\\/valgrid.ch\\\/de\\\/#website\",\"url\":\"https:\\\/\\\/valgrid.ch\\\/de\\\/\",\"name\":\"Valgrid SA\",\"description\":\"Transporteurs d&#039;\u00e9lectricit\u00e9\",\"publisher\":{\"@id\":\"https:\\\/\\\/valgrid.ch\\\/de\\\/#organization\"},\"potentialAction\":[{\"@type\":\"SearchAction\",\"target\":{\"@type\":\"EntryPoint\",\"urlTemplate\":\"https:\\\/\\\/valgrid.ch\\\/de\\\/?s={search_term_string}\"},\"query-input\":{\"@type\":\"PropertyValueSpecification\",\"valueRequired\":true,\"valueName\":\"search_term_string\"}}],\"inLanguage\":\"de\"},{\"@type\":\"Organization\",\"@id\":\"https:\\\/\\\/valgrid.ch\\\/de\\\/#organization\",\"name\":\"Valgrid SA\",\"url\":\"https:\\\/\\\/valgrid.ch\\\/de\\\/\",\"logo\":{\"@type\":\"ImageObject\",\"inLanguage\":\"de\",\"@id\":\"https:\\\/\\\/valgrid.ch\\\/de\\\/#\\\/schema\\\/logo\\\/image\\\/\",\"url\":\"https:\\\/\\\/valgrid.ch\\\/wp-content\\\/uploads\\\/2023\\\/10\\\/favicon.png\",\"contentUrl\":\"https:\\\/\\\/valgrid.ch\\\/wp-content\\\/uploads\\\/2023\\\/10\\\/favicon.png\",\"width\":512,\"height\":512,\"caption\":\"Valgrid SA\"},\"image\":{\"@id\":\"https:\\\/\\\/valgrid.ch\\\/de\\\/#\\\/schema\\\/logo\\\/image\\\/\"}}]}<\/script>\n<!-- \/ Yoast SEO plugin. -->","yoast_head_json":{"title":"Datenschutzrichtlinie - Valgrid SA","robots":{"index":"index","follow":"follow","max-snippet":"max-snippet:-1","max-image-preview":"max-image-preview:large","max-video-preview":"max-video-preview:-1"},"canonical":"https:\/\/valgrid.ch\/de\/datenschutzrichtlinie\/","og_locale":"de_DE","og_type":"article","og_title":"Datenschutzrichtlinie - Valgrid SA","og_description":"DatenschutzrichtlinieDatenschutz- und Datensicherheit Richtlinien FMV SA legt grossen Wert auf den Schutz Ihrer pers\u00f6nlichen Daten. Wir sammeln und verarbeiten Ihre personenbezogenen Daten mit gr\u00f6sster Sorgfalt und unter Einhaltung der geltenden gesetzlichen Bestimmungen; die Verarbeitung beschr\u00e4nkt sich auf das absolut Notwendige. Die vorliegende Datenschutzerkl\u00e4rung beschreibt unsere Datenschutzpolitik bei der Nutzung unserer Website. Sie k\u00f6nnen unsere Website [&hellip;]","og_url":"https:\/\/valgrid.ch\/de\/datenschutzrichtlinie\/","og_site_name":"Valgrid SA","article_modified_time":"2024-05-31T12:05:24+00:00","og_image":[{"width":1200,"height":768,"url":"https:\/\/valgrid.ch\/wp-content\/uploads\/2024\/05\/logo-valgrid.png","type":"image\/png"}],"twitter_card":"summary_large_image","twitter_misc":{"Gesch\u00e4tzte Lesezeit":"4\u00a0Minuten"},"schema":{"@context":"https:\/\/schema.org","@graph":[{"@type":"WebPage","@id":"https:\/\/valgrid.ch\/de\/datenschutzrichtlinie\/","url":"https:\/\/valgrid.ch\/de\/datenschutzrichtlinie\/","name":"Datenschutzrichtlinie - Valgrid SA","isPartOf":{"@id":"https:\/\/valgrid.ch\/de\/#website"},"datePublished":"2023-08-23T13:16:33+00:00","dateModified":"2024-05-31T12:05:24+00:00","breadcrumb":{"@id":"https:\/\/valgrid.ch\/de\/datenschutzrichtlinie\/#breadcrumb"},"inLanguage":"de","potentialAction":[{"@type":"ReadAction","target":["https:\/\/valgrid.ch\/de\/datenschutzrichtlinie\/"]}]},{"@type":"BreadcrumbList","@id":"https:\/\/valgrid.ch\/de\/datenschutzrichtlinie\/#breadcrumb","itemListElement":[{"@type":"ListItem","position":1,"name":"Accueil","item":"https:\/\/valgrid.ch\/de\/"},{"@type":"ListItem","position":2,"name":"Datenschutzrichtlinie"}]},{"@type":"WebSite","@id":"https:\/\/valgrid.ch\/de\/#website","url":"https:\/\/valgrid.ch\/de\/","name":"Valgrid SA","description":"Transporteurs d&#039;\u00e9lectricit\u00e9","publisher":{"@id":"https:\/\/valgrid.ch\/de\/#organization"},"potentialAction":[{"@type":"SearchAction","target":{"@type":"EntryPoint","urlTemplate":"https:\/\/valgrid.ch\/de\/?s={search_term_string}"},"query-input":{"@type":"PropertyValueSpecification","valueRequired":true,"valueName":"search_term_string"}}],"inLanguage":"de"},{"@type":"Organization","@id":"https:\/\/valgrid.ch\/de\/#organization","name":"Valgrid SA","url":"https:\/\/valgrid.ch\/de\/","logo":{"@type":"ImageObject","inLanguage":"de","@id":"https:\/\/valgrid.ch\/de\/#\/schema\/logo\/image\/","url":"https:\/\/valgrid.ch\/wp-content\/uploads\/2023\/10\/favicon.png","contentUrl":"https:\/\/valgrid.ch\/wp-content\/uploads\/2023\/10\/favicon.png","width":512,"height":512,"caption":"Valgrid SA"},"image":{"@id":"https:\/\/valgrid.ch\/de\/#\/schema\/logo\/image\/"}}]}},"_links":{"self":[{"href":"https:\/\/valgrid.ch\/de\/wp-json\/wp\/v2\/pages\/100","targetHints":{"allow":["GET"]}}],"collection":[{"href":"https:\/\/valgrid.ch\/de\/wp-json\/wp\/v2\/pages"}],"about":[{"href":"https:\/\/valgrid.ch\/de\/wp-json\/wp\/v2\/types\/page"}],"author":[{"embeddable":true,"href":"https:\/\/valgrid.ch\/de\/wp-json\/wp\/v2\/users\/2"}],"replies":[{"embeddable":true,"href":"https:\/\/valgrid.ch\/de\/wp-json\/wp\/v2\/comments?post=100"}],"version-history":[{"count":5,"href":"https:\/\/valgrid.ch\/de\/wp-json\/wp\/v2\/pages\/100\/revisions"}],"predecessor-version":[{"id":693,"href":"https:\/\/valgrid.ch\/de\/wp-json\/wp\/v2\/pages\/100\/revisions\/693"}],"wp:attachment":[{"href":"https:\/\/valgrid.ch\/de\/wp-json\/wp\/v2\/media?parent=100"}],"curies":[{"name":"wp","href":"https:\/\/api.w.org\/{rel}","templated":true}]}}